{"id":249,"date":"2022-04-30T21:11:32","date_gmt":"2022-04-30T21:11:32","guid":{"rendered":"https:\/\/alixarte.com\/?post_type=product&#038;p=249"},"modified":"2026-03-06T02:09:55","modified_gmt":"2026-03-06T02:09:55","slug":"iximulew","status":"publish","type":"product","link":"https:\/\/alixarte.com\/index.php\/producto\/iximulew\/","title":{"rendered":"Iximulew"},"content":{"rendered":"<div class=\"wpb_text_column wpb_content_element \">\n<div class=\"wpb_wrapper\">\n<ul>\n<li>T\u00edtulo: Iximulew<\/li>\n<li>Artista: Alix Mendoza<\/li>\n<li>T\u00e9cnica: Oleo \u2013 Lienzo<\/li>\n<li>Dimensiones: 26 X 26 cm<\/li>\n<li>A\u00f1o: 2022<\/li>\n<li>No: 0002005<\/li>\n<\/ul>\n<\/div>\n<\/div>\n","protected":false},"excerpt":{"rendered":"<p>Obra elaborado con \u00f3leo sobre lienzo.<\/p>\n","protected":false},"featured_media":309,"comment_status":"open","ping_status":"closed","template":"","meta":{"om_disable_all_campaigns":false,"_monsterinsights_skip_tracking":false,"_monsterinsights_sitenote_active":false,"_monsterinsights_sitenote_note":"","_monsterinsights_sitenote_category":0},"product_cat":[24],"product_tag":[],"aioseo_notices":[],"yoast_head":"<!-- This site is optimized with the Yoast SEO plugin v18.6 - https:\/\/yoast.com\/wordpress\/plugins\/seo\/ -->\n<title>Iximulew - ALIX ARTE<\/title>\n<meta name=\"robots\" content=\"index, follow, max-snippet:-1, max-image-preview:large, max-video-preview:-1\" \/>\n<link rel=\"canonical\" href=\"https:\/\/alixarte.com\/index.php\/producto\/iximulew\/\" \/>\n<meta property=\"og:locale\" content=\"es_ES\" \/>\n<meta property=\"og:type\" content=\"article\" \/>\n<meta property=\"og:title\" content=\"Iximulew - ALIX ARTE\" \/>\n<meta property=\"og:description\" content=\"Obra elaborado con \u00f3leo sobre lienzo.\" \/>\n<meta property=\"og:url\" content=\"https:\/\/alixarte.com\/index.php\/producto\/iximulew\/\" \/>\n<meta property=\"og:site_name\" content=\"ALIX ARTE\" \/>\n<meta property=\"article:modified_time\" content=\"2026-03-06T02:09:55+00:00\" \/>\n<meta property=\"og:image\" content=\"https:\/\/alixarte.com\/wp-content\/uploads\/2022\/04\/IMG_8867.jpg\" \/>\n\t<meta property=\"og:image:width\" content=\"281\" \/>\n\t<meta property=\"og:image:height\" content=\"289\" \/>\n\t<meta property=\"og:image:type\" content=\"image\/jpeg\" \/>\n<meta name=\"twitter:card\" content=\"summary_large_image\" \/>\n<script type=\"application\/ld+json\" class=\"yoast-schema-graph\">{\"@context\":\"https:\/\/schema.org\",\"@graph\":[{\"@type\":\"WebSite\",\"@id\":\"https:\/\/alixarte.com\/#website\",\"url\":\"https:\/\/alixarte.com\/\",\"name\":\"ALIX ARTE\",\"description\":\"Galer\u00eda de Arte\",\"potentialAction\":[{\"@type\":\"SearchAction\",\"target\":{\"@type\":\"EntryPoint\",\"urlTemplate\":\"https:\/\/alixarte.com\/?s={search_term_string}\"},\"query-input\":\"required name=search_term_string\"}],\"inLanguage\":\"es\"},{\"@type\":\"ImageObject\",\"@id\":\"https:\/\/alixarte.com\/index.php\/producto\/iximulew\/#primaryimage\",\"inLanguage\":\"es\",\"url\":\"https:\/\/i0.wp.com\/alixarte.com\/wp-content\/uploads\/2022\/04\/IMG_8867.jpg?fit=281%2C289&ssl=1\",\"contentUrl\":\"https:\/\/i0.wp.com\/alixarte.com\/wp-content\/uploads\/2022\/04\/IMG_8867.jpg?fit=281%2C289&ssl=1\",\"width\":281,\"height\":289},{\"@type\":\"WebPage\",\"@id\":\"https:\/\/alixarte.com\/index.php\/producto\/iximulew\/#webpage\",\"url\":\"https:\/\/alixarte.com\/index.php\/producto\/iximulew\/\",\"name\":\"Iximulew - ALIX ARTE\",\"isPartOf\":{\"@id\":\"https:\/\/alixarte.com\/#website\"},\"primaryImageOfPage\":{\"@id\":\"https:\/\/alixarte.com\/index.php\/producto\/iximulew\/#primaryimage\"},\"datePublished\":\"2022-04-30T21:11:32+00:00\",\"dateModified\":\"2026-03-06T02:09:55+00:00\",\"breadcrumb\":{\"@id\":\"https:\/\/alixarte.com\/index.php\/producto\/iximulew\/#breadcrumb\"},\"inLanguage\":\"es\",\"potentialAction\":[{\"@type\":\"ReadAction\",\"target\":[\"https:\/\/alixarte.com\/index.php\/producto\/iximulew\/\"]}]},{\"@type\":\"BreadcrumbList\",\"@id\":\"https:\/\/alixarte.com\/index.php\/producto\/iximulew\/#breadcrumb\",\"itemListElement\":[{\"@type\":\"ListItem\",\"position\":1,\"name\":\"Portada\",\"item\":\"https:\/\/alixarte.com\/\"},{\"@type\":\"ListItem\",\"position\":2,\"name\":\"Tienda\",\"item\":\"https:\/\/alixarte.com\/index.php\/tienda\/\"},{\"@type\":\"ListItem\",\"position\":3,\"name\":\"Iximulew\"}]}]}<\/script>\n<!-- \/ Yoast SEO plugin. -->","yoast_head_json":{"title":"Iximulew - ALIX ARTE","robots":{"index":"index","follow":"follow","max-snippet":"max-snippet:-1","max-image-preview":"max-image-preview:large","max-video-preview":"max-video-preview:-1"},"canonical":"https:\/\/alixarte.com\/index.php\/producto\/iximulew\/","og_locale":"es_ES","og_type":"article","og_title":"Iximulew - ALIX ARTE","og_description":"Obra elaborado con \u00f3leo sobre lienzo.","og_url":"https:\/\/alixarte.com\/index.php\/producto\/iximulew\/","og_site_name":"ALIX ARTE","article_modified_time":"2026-03-06T02:09:55+00:00","og_image":[{"width":281,"height":289,"url":"https:\/\/alixarte.com\/wp-content\/uploads\/2022\/04\/IMG_8867.jpg","type":"image\/jpeg"}],"twitter_card":"summary_large_image","schema":{"@context":"https:\/\/schema.org","@graph":[{"@type":"WebSite","@id":"https:\/\/alixarte.com\/#website","url":"https:\/\/alixarte.com\/","name":"ALIX ARTE","description":"Galer\u00eda de Arte","potentialAction":[{"@type":"SearchAction","target":{"@type":"EntryPoint","urlTemplate":"https:\/\/alixarte.com\/?s={search_term_string}"},"query-input":"required name=search_term_string"}],"inLanguage":"es"},{"@type":"ImageObject","@id":"https:\/\/alixarte.com\/index.php\/producto\/iximulew\/#primaryimage","inLanguage":"es","url":"https:\/\/i0.wp.com\/alixarte.com\/wp-content\/uploads\/2022\/04\/IMG_8867.jpg?fit=281%2C289&ssl=1","contentUrl":"https:\/\/i0.wp.com\/alixarte.com\/wp-content\/uploads\/2022\/04\/IMG_8867.jpg?fit=281%2C289&ssl=1","width":281,"height":289},{"@type":"WebPage","@id":"https:\/\/alixarte.com\/index.php\/producto\/iximulew\/#webpage","url":"https:\/\/alixarte.com\/index.php\/producto\/iximulew\/","name":"Iximulew - ALIX ARTE","isPartOf":{"@id":"https:\/\/alixarte.com\/#website"},"primaryImageOfPage":{"@id":"https:\/\/alixarte.com\/index.php\/producto\/iximulew\/#primaryimage"},"datePublished":"2022-04-30T21:11:32+00:00","dateModified":"2026-03-06T02:09:55+00:00","breadcrumb":{"@id":"https:\/\/alixarte.com\/index.php\/producto\/iximulew\/#breadcrumb"},"inLanguage":"es","potentialAction":[{"@type":"ReadAction","target":["https:\/\/alixarte.com\/index.php\/producto\/iximulew\/"]}]},{"@type":"BreadcrumbList","@id":"https:\/\/alixarte.com\/index.php\/producto\/iximulew\/#breadcrumb","itemListElement":[{"@type":"ListItem","position":1,"name":"Portada","item":"https:\/\/alixarte.com\/"},{"@type":"ListItem","position":2,"name":"Tienda","item":"https:\/\/alixarte.com\/index.php\/tienda\/"},{"@type":"ListItem","position":3,"name":"Iximulew"}]}]}},"jetpack-related-posts":[{"id":258,"url":"https:\/\/alixarte.com\/index.php\/producto\/ixiim-ii\/","url_meta":{"origin":249,"position":0},"title":"Ixiim ii","date":"30 de abril de 2022","format":false,"excerpt":"Obra elaborado con \u00f3leo sobre lienzo.","rel":"","context":"Entrada similar","img":{"alt_text":"","src":"https:\/\/i0.wp.com\/alixarte.com\/wp-content\/uploads\/2022\/04\/IMG_9704-1.jpg?fit=681%2C271&ssl=1&resize=350%2C200","width":350,"height":200},"classes":[]},{"id":262,"url":"https:\/\/alixarte.com\/index.php\/producto\/globalizacion\/","url_meta":{"origin":249,"position":1},"title":"Globalizaci\u00f3n","date":"30 de abril de 2022","format":false,"excerpt":"Obra elaborado con \u00f3leo sobre tela.","rel":"","context":"Entrada similar","img":{"alt_text":"","src":"https:\/\/i0.wp.com\/alixarte.com\/wp-content\/uploads\/2022\/04\/alix-arte-tienda-27.jpg?fit=1047%2C1047&ssl=1&resize=350%2C200","width":350,"height":200},"classes":[]},{"id":246,"url":"https:\/\/alixarte.com\/index.php\/producto\/vida-iii\/","url_meta":{"origin":249,"position":2},"title":"Vida III","date":"30 de abril de 2022","format":false,"excerpt":"Obra elaborado con \u00f3leo sobre lienzo.","rel":"","context":"Entrada similar","img":{"alt_text":"","src":"https:\/\/i0.wp.com\/alixarte.com\/wp-content\/uploads\/2022\/04\/IMG_9682.jpg?fit=228%2C521&ssl=1&resize=350%2C200","width":350,"height":200},"classes":[]},{"id":375,"url":"https:\/\/alixarte.com\/index.php\/producto\/maltiox\/","url_meta":{"origin":249,"position":3},"title":"Maltiox","date":"6 de marzo de 2026","format":false,"excerpt":"Pintura en formato circular de 140 cm de di\u00e1metro, en la t\u00e9cnica \u00f3leo sobre lienzo espatulado.","rel":"","context":"Entrada similar","img":{"alt_text":"","src":"https:\/\/i0.wp.com\/alixarte.com\/wp-content\/uploads\/2026\/03\/img_0898-scaled.jpeg?fit=1172%2C1200&ssl=1&resize=350%2C200","width":350,"height":200},"classes":[]},{"id":251,"url":"https:\/\/alixarte.com\/index.php\/producto\/simbolo\/","url_meta":{"origin":249,"position":4},"title":"S\u00edmbolo","date":"30 de abril de 2022","format":false,"excerpt":"Obra elaborado con \u00f3leo sobre tela.","rel":"","context":"Entrada similar","img":{"alt_text":"","src":"https:\/\/i0.wp.com\/alixarte.com\/wp-content\/uploads\/2022\/04\/IMG_8891.jpg?fit=401%2C403&ssl=1&resize=350%2C200","width":350,"height":200},"classes":[]},{"id":250,"url":"https:\/\/alixarte.com\/index.php\/producto\/homenaje-a-la-mujer\/","url_meta":{"origin":249,"position":5},"title":"Homenaje A La Mujer","date":"30 de abril de 2022","format":false,"excerpt":"Obra elaborado con \u00f3leo sobre tela.","rel":"","context":"Entrada similar","img":{"alt_text":"","src":"https:\/\/i0.wp.com\/alixarte.com\/wp-content\/uploads\/2022\/04\/IMG_8889.jpg?fit=412%2C416&ssl=1&resize=350%2C200","width":350,"height":200},"classes":[]}],"_links":{"self":[{"href":"https:\/\/alixarte.com\/index.php\/wp-json\/wp\/v2\/product\/249"}],"collection":[{"href":"https:\/\/alixarte.com\/index.php\/wp-json\/wp\/v2\/product"}],"about":[{"href":"https:\/\/alixarte.com\/index.php\/wp-json\/wp\/v2\/types\/product"}],"replies":[{"embeddable":true,"href":"https:\/\/alixarte.com\/index.php\/wp-json\/wp\/v2\/comments?post=249"}],"wp:featuredmedia":[{"embeddable":true,"href":"https:\/\/alixarte.com\/index.php\/wp-json\/wp\/v2\/media\/309"}],"wp:attachment":[{"href":"https:\/\/alixarte.com\/index.php\/wp-json\/wp\/v2\/media?parent=249"}],"wp:term":[{"taxonomy":"product_cat","embeddable":true,"href":"https:\/\/alixarte.com\/index.php\/wp-json\/wp\/v2\/product_cat?post=249"},{"taxonomy":"product_tag","embeddable":true,"href":"https:\/\/alixarte.com\/index.php\/wp-json\/wp\/v2\/product_tag?post=249"}],"curies":[{"name":"wp","href":"https:\/\/api.w.org\/{rel}","templated":true}]}}