{"id":248,"date":"2022-04-30T21:10:51","date_gmt":"2022-04-30T21:10:51","guid":{"rendered":"https:\/\/alixarte.com\/?post_type=product&#038;p=248"},"modified":"2026-03-06T02:09:55","modified_gmt":"2026-03-06T02:09:55","slug":"coleccion-ixiim","status":"publish","type":"product","link":"https:\/\/alixarte.com\/index.php\/producto\/coleccion-ixiim\/","title":{"rendered":"Colecci\u00f3n Ixiim"},"content":{"rendered":"<div class=\"wpb_text_column wpb_content_element \">\n<div class=\"wpb_wrapper\">\n<ul>\n<li>T\u00edtulo: Colecci\u00f3n Ixiim<\/li>\n<li>Artista: Alix Mendoza<\/li>\n<li>T\u00e9cnica:<\/li>\n<li>Dimensiones:<\/li>\n<li>A\u00f1o:<\/li>\n<\/ul>\n<\/div>\n<\/div>\n","protected":false},"excerpt":{"rendered":"<p>T\u00edtulo: Colecci\u00f3n Ixiim Artista: Alix Mendoza T\u00e9cnica: Dimensiones: A\u00f1o:<\/p>\n","protected":false},"featured_media":204,"comment_status":"open","ping_status":"closed","template":"","meta":{"om_disable_all_campaigns":false,"_monsterinsights_skip_tracking":false,"_monsterinsights_sitenote_active":false,"_monsterinsights_sitenote_note":"","_monsterinsights_sitenote_category":0},"product_cat":[18],"product_tag":[],"aioseo_notices":[],"yoast_head":"<!-- This site is optimized with the Yoast SEO plugin v18.6 - https:\/\/yoast.com\/wordpress\/plugins\/seo\/ -->\n<title>Colecci\u00f3n Ixiim - ALIX ARTE<\/title>\n<meta name=\"robots\" content=\"index, follow, max-snippet:-1, max-image-preview:large, max-video-preview:-1\" \/>\n<link rel=\"canonical\" href=\"https:\/\/alixarte.com\/index.php\/producto\/coleccion-ixiim\/\" \/>\n<meta property=\"og:locale\" content=\"es_ES\" \/>\n<meta property=\"og:type\" content=\"article\" \/>\n<meta property=\"og:title\" content=\"Colecci\u00f3n Ixiim - ALIX ARTE\" \/>\n<meta property=\"og:description\" content=\"T\u00edtulo: Colecci\u00f3n Ixiim Artista: Alix Mendoza T\u00e9cnica: Dimensiones: A\u00f1o:\" \/>\n<meta property=\"og:url\" content=\"https:\/\/alixarte.com\/index.php\/producto\/coleccion-ixiim\/\" \/>\n<meta property=\"og:site_name\" content=\"ALIX ARTE\" \/>\n<meta property=\"article:modified_time\" content=\"2026-03-06T02:09:55+00:00\" \/>\n<meta property=\"og:image\" content=\"https:\/\/alixarte.com\/wp-content\/uploads\/2022\/04\/alix-arte-tienda-13.jpg\" \/>\n\t<meta property=\"og:image:width\" content=\"1047\" \/>\n\t<meta property=\"og:image:height\" content=\"1047\" \/>\n\t<meta property=\"og:image:type\" content=\"image\/jpeg\" \/>\n<meta name=\"twitter:card\" content=\"summary_large_image\" \/>\n<script type=\"application\/ld+json\" class=\"yoast-schema-graph\">{\"@context\":\"https:\/\/schema.org\",\"@graph\":[{\"@type\":\"WebSite\",\"@id\":\"https:\/\/alixarte.com\/#website\",\"url\":\"https:\/\/alixarte.com\/\",\"name\":\"ALIX ARTE\",\"description\":\"Galer\u00eda de Arte\",\"potentialAction\":[{\"@type\":\"SearchAction\",\"target\":{\"@type\":\"EntryPoint\",\"urlTemplate\":\"https:\/\/alixarte.com\/?s={search_term_string}\"},\"query-input\":\"required name=search_term_string\"}],\"inLanguage\":\"es\"},{\"@type\":\"ImageObject\",\"@id\":\"https:\/\/alixarte.com\/index.php\/producto\/coleccion-ixiim\/#primaryimage\",\"inLanguage\":\"es\",\"url\":\"https:\/\/i0.wp.com\/alixarte.com\/wp-content\/uploads\/2022\/04\/alix-arte-tienda-13.jpg?fit=1047%2C1047&ssl=1\",\"contentUrl\":\"https:\/\/i0.wp.com\/alixarte.com\/wp-content\/uploads\/2022\/04\/alix-arte-tienda-13.jpg?fit=1047%2C1047&ssl=1\",\"width\":1047,\"height\":1047,\"caption\":\"alix arte\"},{\"@type\":\"WebPage\",\"@id\":\"https:\/\/alixarte.com\/index.php\/producto\/coleccion-ixiim\/#webpage\",\"url\":\"https:\/\/alixarte.com\/index.php\/producto\/coleccion-ixiim\/\",\"name\":\"Colecci\u00f3n Ixiim - ALIX ARTE\",\"isPartOf\":{\"@id\":\"https:\/\/alixarte.com\/#website\"},\"primaryImageOfPage\":{\"@id\":\"https:\/\/alixarte.com\/index.php\/producto\/coleccion-ixiim\/#primaryimage\"},\"datePublished\":\"2022-04-30T21:10:51+00:00\",\"dateModified\":\"2026-03-06T02:09:55+00:00\",\"breadcrumb\":{\"@id\":\"https:\/\/alixarte.com\/index.php\/producto\/coleccion-ixiim\/#breadcrumb\"},\"inLanguage\":\"es\",\"potentialAction\":[{\"@type\":\"ReadAction\",\"target\":[\"https:\/\/alixarte.com\/index.php\/producto\/coleccion-ixiim\/\"]}]},{\"@type\":\"BreadcrumbList\",\"@id\":\"https:\/\/alixarte.com\/index.php\/producto\/coleccion-ixiim\/#breadcrumb\",\"itemListElement\":[{\"@type\":\"ListItem\",\"position\":1,\"name\":\"Portada\",\"item\":\"https:\/\/alixarte.com\/\"},{\"@type\":\"ListItem\",\"position\":2,\"name\":\"Tienda\",\"item\":\"https:\/\/alixarte.com\/index.php\/tienda\/\"},{\"@type\":\"ListItem\",\"position\":3,\"name\":\"Colecci\u00f3n Ixiim\"}]}]}<\/script>\n<!-- \/ Yoast SEO plugin. -->","yoast_head_json":{"title":"Colecci\u00f3n Ixiim - ALIX ARTE","robots":{"index":"index","follow":"follow","max-snippet":"max-snippet:-1","max-image-preview":"max-image-preview:large","max-video-preview":"max-video-preview:-1"},"canonical":"https:\/\/alixarte.com\/index.php\/producto\/coleccion-ixiim\/","og_locale":"es_ES","og_type":"article","og_title":"Colecci\u00f3n Ixiim - ALIX ARTE","og_description":"T\u00edtulo: Colecci\u00f3n Ixiim Artista: Alix Mendoza T\u00e9cnica: Dimensiones: A\u00f1o:","og_url":"https:\/\/alixarte.com\/index.php\/producto\/coleccion-ixiim\/","og_site_name":"ALIX ARTE","article_modified_time":"2026-03-06T02:09:55+00:00","og_image":[{"width":1047,"height":1047,"url":"https:\/\/alixarte.com\/wp-content\/uploads\/2022\/04\/alix-arte-tienda-13.jpg","type":"image\/jpeg"}],"twitter_card":"summary_large_image","schema":{"@context":"https:\/\/schema.org","@graph":[{"@type":"WebSite","@id":"https:\/\/alixarte.com\/#website","url":"https:\/\/alixarte.com\/","name":"ALIX ARTE","description":"Galer\u00eda de Arte","potentialAction":[{"@type":"SearchAction","target":{"@type":"EntryPoint","urlTemplate":"https:\/\/alixarte.com\/?s={search_term_string}"},"query-input":"required name=search_term_string"}],"inLanguage":"es"},{"@type":"ImageObject","@id":"https:\/\/alixarte.com\/index.php\/producto\/coleccion-ixiim\/#primaryimage","inLanguage":"es","url":"https:\/\/i0.wp.com\/alixarte.com\/wp-content\/uploads\/2022\/04\/alix-arte-tienda-13.jpg?fit=1047%2C1047&ssl=1","contentUrl":"https:\/\/i0.wp.com\/alixarte.com\/wp-content\/uploads\/2022\/04\/alix-arte-tienda-13.jpg?fit=1047%2C1047&ssl=1","width":1047,"height":1047,"caption":"alix arte"},{"@type":"WebPage","@id":"https:\/\/alixarte.com\/index.php\/producto\/coleccion-ixiim\/#webpage","url":"https:\/\/alixarte.com\/index.php\/producto\/coleccion-ixiim\/","name":"Colecci\u00f3n Ixiim - ALIX ARTE","isPartOf":{"@id":"https:\/\/alixarte.com\/#website"},"primaryImageOfPage":{"@id":"https:\/\/alixarte.com\/index.php\/producto\/coleccion-ixiim\/#primaryimage"},"datePublished":"2022-04-30T21:10:51+00:00","dateModified":"2026-03-06T02:09:55+00:00","breadcrumb":{"@id":"https:\/\/alixarte.com\/index.php\/producto\/coleccion-ixiim\/#breadcrumb"},"inLanguage":"es","potentialAction":[{"@type":"ReadAction","target":["https:\/\/alixarte.com\/index.php\/producto\/coleccion-ixiim\/"]}]},{"@type":"BreadcrumbList","@id":"https:\/\/alixarte.com\/index.php\/producto\/coleccion-ixiim\/#breadcrumb","itemListElement":[{"@type":"ListItem","position":1,"name":"Portada","item":"https:\/\/alixarte.com\/"},{"@type":"ListItem","position":2,"name":"Tienda","item":"https:\/\/alixarte.com\/index.php\/tienda\/"},{"@type":"ListItem","position":3,"name":"Colecci\u00f3n Ixiim"}]}]}},"jetpack-related-posts":[{"id":247,"url":"https:\/\/alixarte.com\/index.php\/producto\/ixiim\/","url_meta":{"origin":248,"position":0},"title":"Ixiim","date":"30 de abril de 2022","format":false,"excerpt":"Obra elaborado con \u00f3leo sobre tela.","rel":"","context":"Entrada similar","img":{"alt_text":"alix arte","src":"https:\/\/i0.wp.com\/alixarte.com\/wp-content\/uploads\/2022\/04\/alix-arte-tienda-12.jpg?fit=1047%2C1047&ssl=1&resize=350%2C200","width":350,"height":200},"classes":[]},{"id":258,"url":"https:\/\/alixarte.com\/index.php\/producto\/ixiim-ii\/","url_meta":{"origin":248,"position":1},"title":"Ixiim ii","date":"30 de abril de 2022","format":false,"excerpt":"Obra elaborado con \u00f3leo sobre lienzo.","rel":"","context":"Entrada similar","img":{"alt_text":"","src":"https:\/\/i0.wp.com\/alixarte.com\/wp-content\/uploads\/2022\/04\/IMG_9704-1.jpg?fit=681%2C271&ssl=1&resize=350%2C200","width":350,"height":200},"classes":[]},{"id":259,"url":"https:\/\/alixarte.com\/index.php\/producto\/ixiim-iii\/","url_meta":{"origin":248,"position":2},"title":"Ixiim III","date":"30 de abril de 2022","format":false,"excerpt":"Obra elaborado con acr\u00edlica sobre tela.","rel":"","context":"Entrada similar","img":{"alt_text":"","src":"https:\/\/i0.wp.com\/alixarte.com\/wp-content\/uploads\/2022\/04\/IMG_9968.jpg?fit=916%2C332&ssl=1&resize=350%2C200","width":350,"height":200},"classes":[]},{"id":265,"url":"https:\/\/alixarte.com\/index.php\/producto\/mazorcas\/","url_meta":{"origin":248,"position":3},"title":"Mazorcas","date":"30 de abril de 2022","format":false,"excerpt":"T\u00edtulo: Mazorcas Artista: Alix Mendoza T\u00e9cnica: Dimensiones: A\u00f1o:","rel":"","context":"Entrada similar","img":{"alt_text":"","src":"https:\/\/i0.wp.com\/alixarte.com\/wp-content\/uploads\/2022\/04\/alix-arte-tienda-29.jpg?fit=1200%2C601&ssl=1&resize=350%2C200","width":350,"height":200},"classes":[]},{"id":231,"url":"https:\/\/alixarte.com\/index.php\/producto\/guatemaya\/","url_meta":{"origin":248,"position":4},"title":"Guatemaya","date":"30 de abril de 2022","format":false,"excerpt":"Obra realizado con acr\u00edlico sobre lienzo.","rel":"","context":"Entrada similar","img":{"alt_text":"Alix Arte","src":"https:\/\/i0.wp.com\/alixarte.com\/wp-content\/uploads\/2022\/04\/alix-arte-tienda-01.jpg?fit=1048%2C1048&ssl=1&resize=350%2C200","width":350,"height":200},"classes":[]},{"id":237,"url":"https:\/\/alixarte.com\/index.php\/producto\/qanil\/","url_meta":{"origin":248,"position":5},"title":"Q&#8217;anil","date":"30 de abril de 2022","format":false,"excerpt":"Obra elaborado con \u00f3leo sobre tela.","rel":"","context":"Entrada similar","img":{"alt_text":"alix arte","src":"https:\/\/i0.wp.com\/alixarte.com\/wp-content\/uploads\/2022\/04\/alix-arte-tienda-03.jpg?fit=1047%2C1047&ssl=1&resize=350%2C200","width":350,"height":200},"classes":[]}],"_links":{"self":[{"href":"https:\/\/alixarte.com\/index.php\/wp-json\/wp\/v2\/product\/248"}],"collection":[{"href":"https:\/\/alixarte.com\/index.php\/wp-json\/wp\/v2\/product"}],"about":[{"href":"https:\/\/alixarte.com\/index.php\/wp-json\/wp\/v2\/types\/product"}],"replies":[{"embeddable":true,"href":"https:\/\/alixarte.com\/index.php\/wp-json\/wp\/v2\/comments?post=248"}],"wp:featuredmedia":[{"embeddable":true,"href":"https:\/\/alixarte.com\/index.php\/wp-json\/wp\/v2\/media\/204"}],"wp:attachment":[{"href":"https:\/\/alixarte.com\/index.php\/wp-json\/wp\/v2\/media?parent=248"}],"wp:term":[{"taxonomy":"product_cat","embeddable":true,"href":"https:\/\/alixarte.com\/index.php\/wp-json\/wp\/v2\/product_cat?post=248"},{"taxonomy":"product_tag","embeddable":true,"href":"https:\/\/alixarte.com\/index.php\/wp-json\/wp\/v2\/product_tag?post=248"}],"curies":[{"name":"wp","href":"https:\/\/api.w.org\/{rel}","templated":true}]}}