{"id":109,"date":"2022-04-24T01:26:57","date_gmt":"2022-04-24T01:26:57","guid":{"rendered":"https:\/\/alixarte.com\/?page_id=109"},"modified":"2022-08-23T02:33:55","modified_gmt":"2022-08-23T02:33:55","slug":"alix-arte","status":"publish","type":"page","link":"https:\/\/alixarte.com\/","title":{"rendered":"Inicio"},"content":{"rendered":"[vc_row css=&#8221;.vc_custom_1650769628448{margin-top: 0px !important;margin-right: 0px !important;margin-bottom: 0px !important;margin-left: 0px !important;border-top-width: 0px !important;border-right-width: 0px !important;border-bottom-width: 0px !important;border-left-width: 0px !important;padding-top: 0px !important;padding-right: 0px !important;padding-bottom: 0px !important;padding-left: 0px !important;}&#8221;][vc_column width=&#8221;1\/3&#8243;][vc_column_text css_animation=&#8221;fadeIn&#8221;]\n<blockquote>\n<p style=\"text-align: center;\"><strong>IXIIM, detr\u00e1s de cada obra de arte, una historia.<\/strong><\/p>\n<\/blockquote>\n[\/vc_column_text][\/vc_column][vc_column width=&#8221;2\/3&#8243; css=&#8221;.vc_custom_1650835266395{margin-top: 0px !important;margin-right: 0px !important;margin-bottom: 0px !important;margin-left: 0px !important;border-top-width: 0px !important;border-right-width: 0px !important;border-bottom-width: 0px !important;border-left-width: 0px !important;padding-top: 0px !important;padding-right: 0px !important;padding-bottom: 0px !important;padding-left: 0px !important;}&#8221;][vc_single_image image=&#8221;225&#8243; img_size=&#8221;large&#8221; alignment=&#8221;center&#8221;][\/vc_column][\/vc_row][vc_row][vc_column][vc_column_text css=&#8221;.vc_custom_1650770894819{margin-top: 0px !important;margin-right: 0px !important;margin-bottom: 0px !important;margin-left: 0px !important;border-top-width: 0px !important;border-right-width: 0px !important;border-bottom-width: 0px !important;border-left-width: 0px !important;padding-top: 0px !important;padding-right: 0px !important;padding-bottom: 0px !important;padding-left: 0px !important;}&#8221;]\n<h2 style=\"text-align: center;\">IXIIM<\/h2>\n<p style=\"text-align: center;\">El ma\u00edz es una planta de origen americano cultivada hace 5,000 a\u00f1os antes de cristo antes de ella exist\u00edan gram\u00edneas que crec\u00edan solas como plantas silvestres, el hombre y su producci\u00f3n era peque\u00f1a con pocos granos.\u00a0 El hombre le hizo mejoras a trav\u00e9s de una selecci\u00f3n, mezclando polen como resultado logr\u00f3 mejores mazorcas y granos.<\/p>\n[\/vc_column_text][\/vc_column][\/vc_row][vc_row][vc_column][vc_single_image image=&#8221;306&#8243; img_size=&#8221;full&#8221; alignment=&#8221;center&#8221;][\/vc_column][\/vc_row][vc_row][vc_column][vc_column_text]La palabra ma\u00edz es de origen arahuaco, una lengua hablada en el Caribe posiblemente los espa\u00f1oles lo escucharon en las islas y lo incorporaron al espa\u00f1ol.<\/p>\n<p>Entre los mayas el nombre usado es IXIIM y su importancia que la capital de los Kakchikeles se llamaba Iximch\u00e9\u00a0 (Ixim \u2013 ma\u00edz y ch\u00e9 \u2013 \u00e1rbol en la capital de los Kich\u00e9s se conoc\u00eda como Qumarkaay \u2013 Lugar de ca\u00f1as secas de ma\u00edz.<\/p>\n<p>En el calendario maya hay d\u00edas rituales y glifos asociados al ma\u00edz tales como: Q\u2019anil derivado del q\u2019an \u2013 ma\u00edz amarillo El d\u00eda Aj tiene su nombre relacionado con la ca\u00f1a de ma\u00edz y con el elote tierno, el d\u00eda ix se relaciona a rituales dedicados al ma\u00edz.<\/p>\n<p>Los animales fueron los que encontraron el ma\u00edz como el sanate, estas dejaban caer algunos granos al suelo y estas germinaron. El pizote tambi\u00e9n lo encontr\u00f3 en una cueva mientras el gato de monte lo miraba y le cont\u00f3 a los hombres para que lo obtuvieran.<\/p>\n<p>Un incendio en los granos de ma\u00edz caus\u00f3 el cambio de sus colores, los que estaban cerca se volvieron negros, los alejados de color amarillo y los que las llamas no fueron alcanzadas de color blanco.[\/vc_column_text][\/vc_column][\/vc_row][vc_row][vc_column][vc_single_image image=&#8221;355&#8243; img_size=&#8221;full&#8221; alignment=&#8221;center&#8221;][\/vc_column][\/vc_row][vc_row][vc_column][vc_column_text]El trabajar el ma\u00edz es de los hombres y de la mujer su preparaci\u00f3n todo enmarca a su buena pr\u00e1ctica en el cultivo y su buena preparaci\u00f3n en el hogar. El no hacerlo por haraganer\u00eda trae consecuencias graves a la familia tales como: La escasez del alimento y el hambre<\/p>\n<p>Las due\u00f1as del ma\u00edz son tres ni\u00f1as cada una representa sus colores blanco, amarillo, negro. El tenerle respeto los granos como no pisarlo, pasar por encima, no ofrecerles incienso candelas y oraciones y no recogerlos al encontrarlos.<\/p>\n<p>So\u00f1ar con el ma\u00edz puede anunciar buena o mala cosecha. So\u00f1ar con doble mazorca o abundancia significa tener cosecha escaza y so\u00f1ar con bananos y pl\u00e1tanos se tendr\u00e1 abundancia.<\/p>\n<p>Antes de encontrar el ma\u00edz la gente com\u00eda frutas y hongos m\u00e1s animales de cacer\u00eda y en escasez palos podridos molidos. Cuando encontraron el ma\u00edz la abundancia fue mucha dos granos eran suficientes para cocinarlos.<\/p>\n<p>La preparaci\u00f3n del terreno para la siembra del ma\u00edz era en medio del bosque, se rozaba el monte cortaban la le\u00f1a y quemaban lo que no serv\u00eda. Los terrenos ser\u00e1n f\u00e9rtiles de dos a cuatro a\u00f1os luego hab\u00eda que dejarlos descansar y la tierra se abonaba con hojas y ca\u00f1a luego se plant\u00f3 el tomate, cebolla y de ultimo apareci\u00f3 el caf\u00e9.<\/p>\n<p>Durante la producci\u00f3n de ma\u00edz las mejores mazorcas se desgranaban, estas se llevaban a la iglesia para ser bendecidos sobre los granos se colocaban dos bananos o dos pl\u00e1tanos para que se reprodujeran en abundancia.[\/vc_column_text][\/vc_column][\/vc_row][vc_row][vc_column][vc_single_image image=&#8221;295&#8243; img_size=&#8221;full&#8221; alignment=&#8221;center&#8221;][\/vc_column][\/vc_row][vc_row][vc_column][vc_column_text]Alrededor de las semillas se colocaban cuatro candelas, una al este, oeste, norte y sur estas candelas ten\u00edan que ser de distintos colores sobre los granos se colocaban flores frescas.<\/p>\n<p>Durante la siembra las personas se hincaban y ped\u00edan permiso al due\u00f1o del lugar, en la siembra las personas a medio d\u00eda com\u00edan huevos bananos y duraznos menos aguacate y pan porque ello provoca pudrici\u00f3n de los granos. El d\u00eda de regreso al campo consum\u00edan atol con frijoles.<\/p>\n<p>Al llegar al terreno el hombre le dec\u00eda a la mazorca Oh amada m\u00eda, mujer m\u00eda he llegado hasta usted para decirle que vengo a buscarla y cuando lleguemos a nuestra casa haremos una fiesta para que la gente se d\u00e9 cuenta que usted lleg\u00f3 a mi casa. En el hogar el hombre le ense\u00f1aba a la mujer una de las mazorcas bien sazonas, la mujer la tomaba en sus manos y bes\u00e1ndola le dec\u00eda\u00a0 Oh vos\u00a0 la segunda mujer de mi marido ahora ya vamos a ser dos contra un hombre. Bienvenida a esta casa.<\/p>\n<p>Al finalizar la cosecha se preparaba comida abundante a base de pollos, chompipe o carne de res. Sobre las mazorcas se le ofrec\u00eda un plato de comida y tortillas para que el esp\u00edritu del ma\u00edz disfrute el olor de la comida preparada.<\/p>\n<p>En la actualidad muchas de estas costumbres ya no se practican, algunas se llevan a cabo en parte y otras todav\u00eda se respetan seg\u00fan cada familia y pueblo.<\/p>\n<p><strong>Basado en el escrito CAEL\/MUNI-K\u2019AT Edicion 1998<\/strong>[\/vc_column_text][\/vc_column][\/vc_row]\n","protected":false},"excerpt":{"rendered":"<p>[vc_row css=&#8221;.vc_custom_1650769628448{margin-top: 0px !important;margin-right: 0px !important;margin-bottom: 0px !important;margin-left: 0px !important;border-top-width: 0px !important;border-right-width: 0px !important;border-bottom-width: 0px !important;border-left-width: 0px !important;padding-top: 0px !important;padding-right: 0px !important;padding-bottom: 0px !important;padding-left: 0px !important;}&#8221;][vc_column width=&#8221;1\/3&#8243;][vc_column_text css_animation=&#8221;fadeIn&#8221;] IXIIM, detr\u00e1s de cada obra de arte, una historia. [\/vc_column_text][\/vc_column][vc_column width=&#8221;2\/3&#8243; css=&#8221;.vc_custom_1650835266395{margin-top: 0px !important;margin-right: 0px !important;margin-bottom: 0px !important;margin-left: 0px !important;border-top-width: 0px !important;border-right-width: 0px !important;border-bottom-width: 0px !important;border-left-width: 0px !important;padding-top: 0px !important;padding-right: 0px !important;padding-bottom: [&hellip;]<\/p>\n","protected":false},"author":1,"featured_media":0,"parent":0,"menu_order":0,"comment_status":"closed","ping_status":"closed","template":"","meta":{"om_disable_all_campaigns":false,"_monsterinsights_skip_tracking":false,"_monsterinsights_sitenote_active":false,"_monsterinsights_sitenote_note":"","_monsterinsights_sitenote_category":0},"aioseo_notices":[],"yoast_head":"<!-- This site is optimized with the Yoast SEO plugin v18.6 - https:\/\/yoast.com\/wordpress\/plugins\/seo\/ -->\n<title>Inicio - ALIX ARTE<\/title>\n<meta name=\"robots\" content=\"index, follow, max-snippet:-1, max-image-preview:large, max-video-preview:-1\" \/>\n<link rel=\"canonical\" href=\"https:\/\/alixarte.com\/\" \/>\n<meta property=\"og:locale\" content=\"es_ES\" \/>\n<meta property=\"og:type\" content=\"article\" \/>\n<meta property=\"og:title\" content=\"Inicio - ALIX ARTE\" \/>\n<meta property=\"og:description\" content=\"[vc_row css=&#8221;.vc_custom_1650769628448{margin-top: 0px !important;margin-right: 0px !important;margin-bottom: 0px !important;margin-left: 0px !important;border-top-width: 0px !important;border-right-width: 0px !important;border-bottom-width: 0px !important;border-left-width: 0px !important;padding-top: 0px !important;padding-right: 0px !important;padding-bottom: 0px !important;padding-left: 0px !important;}&#8221;][vc_column width=&#8221;1\/3&#8243;][vc_column_text css_animation=&#8221;fadeIn&#8221;] IXIIM, detr\u00e1s de cada obra de arte, una historia. [\/vc_column_text][\/vc_column][vc_column width=&#8221;2\/3&#8243; css=&#8221;.vc_custom_1650835266395{margin-top: 0px !important;margin-right: 0px !important;margin-bottom: 0px !important;margin-left: 0px !important;border-top-width: 0px !important;border-right-width: 0px !important;border-bottom-width: 0px !important;border-left-width: 0px !important;padding-top: 0px !important;padding-right: 0px !important;padding-bottom: [&hellip;]\" \/>\n<meta property=\"og:url\" content=\"https:\/\/alixarte.com\/\" \/>\n<meta property=\"og:site_name\" content=\"ALIX ARTE\" \/>\n<meta property=\"article:modified_time\" content=\"2022-08-23T02:33:55+00:00\" \/>\n<meta name=\"twitter:card\" content=\"summary_large_image\" \/>\n<meta name=\"twitter:label1\" content=\"Tiempo de lectura\" \/>\n\t<meta name=\"twitter:data1\" content=\"5 minutos\" \/>\n<script type=\"application\/ld+json\" class=\"yoast-schema-graph\">{\"@context\":\"https:\/\/schema.org\",\"@graph\":[{\"@type\":\"WebSite\",\"@id\":\"https:\/\/alixarte.com\/#website\",\"url\":\"https:\/\/alixarte.com\/\",\"name\":\"ALIX ARTE\",\"description\":\"Galer\u00eda de Arte\",\"potentialAction\":[{\"@type\":\"SearchAction\",\"target\":{\"@type\":\"EntryPoint\",\"urlTemplate\":\"https:\/\/alixarte.com\/?s={search_term_string}\"},\"query-input\":\"required name=search_term_string\"}],\"inLanguage\":\"es\"},{\"@type\":\"WebPage\",\"@id\":\"https:\/\/alixarte.com\/#webpage\",\"url\":\"https:\/\/alixarte.com\/\",\"name\":\"Inicio - ALIX ARTE\",\"isPartOf\":{\"@id\":\"https:\/\/alixarte.com\/#website\"},\"datePublished\":\"2022-04-24T01:26:57+00:00\",\"dateModified\":\"2022-08-23T02:33:55+00:00\",\"breadcrumb\":{\"@id\":\"https:\/\/alixarte.com\/#breadcrumb\"},\"inLanguage\":\"es\",\"potentialAction\":[{\"@type\":\"ReadAction\",\"target\":[\"https:\/\/alixarte.com\/\"]}]},{\"@type\":\"BreadcrumbList\",\"@id\":\"https:\/\/alixarte.com\/#breadcrumb\",\"itemListElement\":[{\"@type\":\"ListItem\",\"position\":1,\"name\":\"Portada\",\"item\":\"https:\/\/alixarte.com\/\"},{\"@type\":\"ListItem\",\"position\":2,\"name\":\"Inicio\"}]}]}<\/script>\n<!-- \/ Yoast SEO plugin. -->","yoast_head_json":{"title":"Inicio - ALIX ARTE","robots":{"index":"index","follow":"follow","max-snippet":"max-snippet:-1","max-image-preview":"max-image-preview:large","max-video-preview":"max-video-preview:-1"},"canonical":"https:\/\/alixarte.com\/","og_locale":"es_ES","og_type":"article","og_title":"Inicio - ALIX ARTE","og_description":"[vc_row css=&#8221;.vc_custom_1650769628448{margin-top: 0px !important;margin-right: 0px !important;margin-bottom: 0px !important;margin-left: 0px !important;border-top-width: 0px !important;border-right-width: 0px !important;border-bottom-width: 0px !important;border-left-width: 0px !important;padding-top: 0px !important;padding-right: 0px !important;padding-bottom: 0px !important;padding-left: 0px !important;}&#8221;][vc_column width=&#8221;1\/3&#8243;][vc_column_text css_animation=&#8221;fadeIn&#8221;] IXIIM, detr\u00e1s de cada obra de arte, una historia. [\/vc_column_text][\/vc_column][vc_column width=&#8221;2\/3&#8243; css=&#8221;.vc_custom_1650835266395{margin-top: 0px !important;margin-right: 0px !important;margin-bottom: 0px !important;margin-left: 0px !important;border-top-width: 0px !important;border-right-width: 0px !important;border-bottom-width: 0px !important;border-left-width: 0px !important;padding-top: 0px !important;padding-right: 0px !important;padding-bottom: [&hellip;]","og_url":"https:\/\/alixarte.com\/","og_site_name":"ALIX ARTE","article_modified_time":"2022-08-23T02:33:55+00:00","twitter_card":"summary_large_image","twitter_misc":{"Tiempo de lectura":"5 minutos"},"schema":{"@context":"https:\/\/schema.org","@graph":[{"@type":"WebSite","@id":"https:\/\/alixarte.com\/#website","url":"https:\/\/alixarte.com\/","name":"ALIX ARTE","description":"Galer\u00eda de Arte","potentialAction":[{"@type":"SearchAction","target":{"@type":"EntryPoint","urlTemplate":"https:\/\/alixarte.com\/?s={search_term_string}"},"query-input":"required name=search_term_string"}],"inLanguage":"es"},{"@type":"WebPage","@id":"https:\/\/alixarte.com\/#webpage","url":"https:\/\/alixarte.com\/","name":"Inicio - ALIX ARTE","isPartOf":{"@id":"https:\/\/alixarte.com\/#website"},"datePublished":"2022-04-24T01:26:57+00:00","dateModified":"2022-08-23T02:33:55+00:00","breadcrumb":{"@id":"https:\/\/alixarte.com\/#breadcrumb"},"inLanguage":"es","potentialAction":[{"@type":"ReadAction","target":["https:\/\/alixarte.com\/"]}]},{"@type":"BreadcrumbList","@id":"https:\/\/alixarte.com\/#breadcrumb","itemListElement":[{"@type":"ListItem","position":1,"name":"Portada","item":"https:\/\/alixarte.com\/"},{"@type":"ListItem","position":2,"name":"Inicio"}]}]}},"jetpack-related-posts":[],"_links":{"self":[{"href":"https:\/\/alixarte.com\/index.php\/wp-json\/wp\/v2\/pages\/109"}],"collection":[{"href":"https:\/\/alixarte.com\/index.php\/wp-json\/wp\/v2\/pages"}],"about":[{"href":"https:\/\/alixarte.com\/index.php\/wp-json\/wp\/v2\/types\/page"}],"author":[{"embeddable":true,"href":"https:\/\/alixarte.com\/index.php\/wp-json\/wp\/v2\/users\/1"}],"replies":[{"embeddable":true,"href":"https:\/\/alixarte.com\/index.php\/wp-json\/wp\/v2\/comments?post=109"}],"version-history":[{"count":10,"href":"https:\/\/alixarte.com\/index.php\/wp-json\/wp\/v2\/pages\/109\/revisions"}],"predecessor-version":[{"id":357,"href":"https:\/\/alixarte.com\/index.php\/wp-json\/wp\/v2\/pages\/109\/revisions\/357"}],"wp:attachment":[{"href":"https:\/\/alixarte.com\/index.php\/wp-json\/wp\/v2\/media?parent=109"}],"curies":[{"name":"wp","href":"https:\/\/api.w.org\/{rel}","templated":true}]}}